{"id":1609,"date":"2022-01-30T17:54:27","date_gmt":"2022-01-30T17:54:27","guid":{"rendered":"https:\/\/tecnocablemachinery.com\/pulling-caterpillars\/"},"modified":"2025-09-23T05:18:30","modified_gmt":"2025-09-23T05:18:30","slug":"pulling-caterpillars","status":"publish","type":"page","link":"https:\/\/tecnocablemachinery.com\/en\/pulling-caterpillars\/","title":{"rendered":"Pulling Caterpillars"},"content":{"rendered":"\t\t<div data-elementor-type=\"wp-page\" data-elementor-id=\"1609\" class=\"elementor elementor-1609 elementor-711\" data-elementor-post-type=\"page\">\n\t\t\t\t\t\t<section class=\"elementor-section elementor-top-section elementor-element elementor-element-5f7852f elementor-section-boxed elementor-section-height-default elementor-section-height-default\" data-id=\"5f7852f\" data-element_type=\"section\" data-settings=\"{&quot;background_background&quot;:&quot;classic&quot;}\">\n\t\t\t\t\t\t<div class=\"elementor-container elementor-column-gap-default\">\n\t\t\t\t\t<div class=\"elementor-column elementor-col-50 elementor-top-column elementor-element elementor-element-afffe6b\" data-id=\"afffe6b\" data-element_type=\"column\">\n\t\t\t<div class=\"elementor-widget-wrap elementor-element-populated\">\n\t\t\t\t\t\t<div class=\"elementor-element elementor-element-ba3b909 elementor-align-justify elementor-widget elementor-widget-button\" data-id=\"ba3b909\" data-element_type=\"widget\" data-widget_type=\"button.default\">\n\t\t\t\t<div class=\"elementor-widget-container\">\n\t\t\t\t\t\t\t\t\t<div class=\"elementor-button-wrapper\">\n\t\t\t\t\t<a class=\"elementor-button elementor-button-link elementor-size-sm\" href=\"https:\/\/tecnocablemachinery.com\/en\/?page_id=1494\">\n\t\t\t\t\t\t<span class=\"elementor-button-content-wrapper\">\n\t\t\t\t\t\t<span class=\"elementor-button-icon\">\n\t\t\t\t<i aria-hidden=\"true\" class=\"fas fa-caret-square-right\"><\/i>\t\t\t<\/span>\n\t\t\t\t\t\t\t\t\t<span class=\"elementor-button-text\">Horizontal accumulators <\/span>\n\t\t\t\t\t<\/span>\n\t\t\t\t\t<\/a>\n\t\t\t\t<\/div>\n\t\t\t\t\t\t\t\t<\/div>\n\t\t\t\t<\/div>\n\t\t\t\t<div class=\"elementor-element elementor-element-330f7c4 elementor-align-justify elementor-widget elementor-widget-button\" data-id=\"330f7c4\" data-element_type=\"widget\" data-widget_type=\"button.default\">\n\t\t\t\t<div class=\"elementor-widget-container\">\n\t\t\t\t\t\t\t\t\t<div class=\"elementor-button-wrapper\">\n\t\t\t\t\t<a class=\"elementor-button elementor-button-link elementor-size-sm\" href=\"https:\/\/tecnocablemachinery.com\/en\/?page_id=1621\">\n\t\t\t\t\t\t<span class=\"elementor-button-content-wrapper\">\n\t\t\t\t\t\t<span class=\"elementor-button-icon\">\n\t\t\t\t<i aria-hidden=\"true\" class=\"fas fa-caret-square-right\"><\/i>\t\t\t<\/span>\n\t\t\t\t\t\t\t\t\t<span class=\"elementor-button-text\">Vertical accumulators<\/span>\n\t\t\t\t\t<\/span>\n\t\t\t\t\t<\/a>\n\t\t\t\t<\/div>\n\t\t\t\t\t\t\t\t<\/div>\n\t\t\t\t<\/div>\n\t\t\t\t<div class=\"elementor-element elementor-element-ac0b084 elementor-align-justify elementor-widget elementor-widget-button\" data-id=\"ac0b084\" data-element_type=\"widget\" data-widget_type=\"button.default\">\n\t\t\t\t<div class=\"elementor-widget-container\">\n\t\t\t\t\t\t\t\t\t<div class=\"elementor-button-wrapper\">\n\t\t\t\t\t<a class=\"elementor-button elementor-button-link elementor-size-sm\" href=\"https:\/\/tecnocablemachinery.com\/en\/dancers\/\">\n\t\t\t\t\t\t<span class=\"elementor-button-content-wrapper\">\n\t\t\t\t\t\t<span class=\"elementor-button-icon\">\n\t\t\t\t<i aria-hidden=\"true\" class=\"fas fa-caret-square-right\"><\/i>\t\t\t<\/span>\n\t\t\t\t\t\t\t\t\t<span class=\"elementor-button-text\">Dancers<\/span>\n\t\t\t\t\t<\/span>\n\t\t\t\t\t<\/a>\n\t\t\t\t<\/div>\n\t\t\t\t\t\t\t\t<\/div>\n\t\t\t\t<\/div>\n\t\t\t\t<div class=\"elementor-element elementor-element-4101d1b elementor-align-justify elementor-widget elementor-widget-button\" data-id=\"4101d1b\" data-element_type=\"widget\" data-widget_type=\"button.default\">\n\t\t\t\t<div class=\"elementor-widget-container\">\n\t\t\t\t\t\t\t\t\t<div class=\"elementor-button-wrapper\">\n\t\t\t\t\t<a class=\"elementor-button elementor-button-link elementor-size-sm\" href=\"https:\/\/tecnocablemachinery.com\/en\/pulling-capstans\/\">\n\t\t\t\t\t\t<span class=\"elementor-button-content-wrapper\">\n\t\t\t\t\t\t<span class=\"elementor-button-icon\">\n\t\t\t\t<i aria-hidden=\"true\" class=\"fas fa-caret-square-right\"><\/i>\t\t\t<\/span>\n\t\t\t\t\t\t\t\t\t<span class=\"elementor-button-text\">Capstans<\/span>\n\t\t\t\t\t<\/span>\n\t\t\t\t\t<\/a>\n\t\t\t\t<\/div>\n\t\t\t\t\t\t\t\t<\/div>\n\t\t\t\t<\/div>\n\t\t\t\t<div class=\"elementor-element elementor-element-206c479 elementor-align-justify elementor-widget elementor-widget-button\" data-id=\"206c479\" data-element_type=\"widget\" data-widget_type=\"button.default\">\n\t\t\t\t<div class=\"elementor-widget-container\">\n\t\t\t\t\t\t\t\t\t<div class=\"elementor-button-wrapper\">\n\t\t\t\t\t<a class=\"elementor-button elementor-button-link elementor-size-sm\" href=\"https:\/\/tecnocablemachinery.com\/en\/pulling-caterpillars\/\">\n\t\t\t\t\t\t<span class=\"elementor-button-content-wrapper\">\n\t\t\t\t\t\t<span class=\"elementor-button-icon\">\n\t\t\t\t<i aria-hidden=\"true\" class=\"fas fa-caret-square-right\"><\/i>\t\t\t<\/span>\n\t\t\t\t\t\t\t\t\t<span class=\"elementor-button-text\">Caterpillars<\/span>\n\t\t\t\t\t<\/span>\n\t\t\t\t\t<\/a>\n\t\t\t\t<\/div>\n\t\t\t\t\t\t\t\t<\/div>\n\t\t\t\t<\/div>\n\t\t\t\t<div class=\"elementor-element elementor-element-20a4ca8 elementor-widget elementor-widget-spacer\" data-id=\"20a4ca8\" data-element_type=\"widget\" data-widget_type=\"spacer.default\">\n\t\t\t\t<div class=\"elementor-widget-container\">\n\t\t\t\t\t\t\t<div class=\"elementor-spacer\">\n\t\t\t<div class=\"elementor-spacer-inner\"><\/div>\n\t\t<\/div>\n\t\t\t\t\t\t<\/div>\n\t\t\t\t<\/div>\n\t\t\t\t\t<\/div>\n\t\t<\/div>\n\t\t\t\t<div class=\"elementor-column elementor-col-50 elementor-top-column elementor-element elementor-element-d64fb66\" data-id=\"d64fb66\" data-element_type=\"column\">\n\t\t\t<div class=\"elementor-widget-wrap elementor-element-populated\">\n\t\t\t\t\t\t<div class=\"elementor-element elementor-element-3ebad45 elementor-widget elementor-widget-heading\" data-id=\"3ebad45\" data-element_type=\"widget\" data-widget_type=\"heading.default\">\n\t\t\t\t<div class=\"elementor-widget-container\">\n\t\t\t\t\t<h2 class=\"elementor-heading-title elementor-size-default\">Pulling Caterpillars<\/h2>\t\t\t\t<\/div>\n\t\t\t\t<\/div>\n\t\t\t\t<div class=\"elementor-element elementor-element-7e18bb2 elementor-widget elementor-widget-spacer\" data-id=\"7e18bb2\" data-element_type=\"widget\" data-widget_type=\"spacer.default\">\n\t\t\t\t<div class=\"elementor-widget-container\">\n\t\t\t\t\t\t\t<div class=\"elementor-spacer\">\n\t\t\t<div class=\"elementor-spacer-inner\"><\/div>\n\t\t<\/div>\n\t\t\t\t\t\t<\/div>\n\t\t\t\t<\/div>\n\t\t\t\t<div class=\"elementor-element elementor-element-dca1dd3 elementor-widget elementor-widget-heading\" data-id=\"dca1dd3\" data-element_type=\"widget\" data-widget_type=\"heading.default\">\n\t\t\t\t<div class=\"elementor-widget-container\">\n\t\t\t\t\t<h4 class=\"elementor-heading-title elementor-size-default\">Caterpillars designed to pull cables without damaging or crushing the surface of the cable.<\/h4>\t\t\t\t<\/div>\n\t\t\t\t<\/div>\n\t\t\t\t<div class=\"elementor-element elementor-element-b1b22c2 elementor-widget elementor-widget-spacer\" data-id=\"b1b22c2\" data-element_type=\"widget\" data-widget_type=\"spacer.default\">\n\t\t\t\t<div class=\"elementor-widget-container\">\n\t\t\t\t\t\t\t<div class=\"elementor-spacer\">\n\t\t\t<div class=\"elementor-spacer-inner\"><\/div>\n\t\t<\/div>\n\t\t\t\t\t\t<\/div>\n\t\t\t\t<\/div>\n\t\t\t\t<div class=\"elementor-element elementor-element-ad62a58 elementor-widget elementor-widget-image\" data-id=\"ad62a58\" data-element_type=\"widget\" data-widget_type=\"image.default\">\n\t\t\t\t<div class=\"elementor-widget-container\">\n\t\t\t\t\t\t\t\t\t\t\t\t\t\t\t<img fetchpriority=\"high\" decoding=\"async\" width=\"958\" height=\"526\" src=\"https:\/\/tecnocablemachinery.com\/wp-content\/uploads\/2023\/12\/oruga-de-tiro.jpg\" class=\"attachment-full size-full wp-image-3461\" alt=\"orugas de tiro para fabricaci\u00f3n de cable\" srcset=\"https:\/\/tecnocablemachinery.com\/wp-content\/uploads\/2023\/12\/oruga-de-tiro.jpg 958w, https:\/\/tecnocablemachinery.com\/wp-content\/uploads\/2023\/12\/oruga-de-tiro-300x165.jpg 300w, https:\/\/tecnocablemachinery.com\/wp-content\/uploads\/2023\/12\/oruga-de-tiro-768x422.jpg 768w, https:\/\/tecnocablemachinery.com\/wp-content\/uploads\/2023\/12\/oruga-de-tiro-600x329.jpg 600w\" sizes=\"(max-width: 958px) 100vw, 958px\" \/>\t\t\t\t\t\t\t\t\t\t\t\t\t\t\t<\/div>\n\t\t\t\t<\/div>\n\t\t\t\t<div class=\"elementor-element elementor-element-ba5ed34 elementor-widget elementor-widget-heading\" data-id=\"ba5ed34\" data-element_type=\"widget\" data-widget_type=\"heading.default\">\n\t\t\t\t<div class=\"elementor-widget-container\">\n\t\t\t\t\t<h2 class=\"elementor-heading-title elementor-size-default\">Mechanical characteristics<\/h2>\t\t\t\t<\/div>\n\t\t\t\t<\/div>\n\t\t\t\t<div class=\"elementor-element elementor-element-7e6d0ed elementor-widget elementor-widget-spacer\" data-id=\"7e6d0ed\" data-element_type=\"widget\" data-widget_type=\"spacer.default\">\n\t\t\t\t<div class=\"elementor-widget-container\">\n\t\t\t\t\t\t\t<div class=\"elementor-spacer\">\n\t\t\t<div class=\"elementor-spacer-inner\"><\/div>\n\t\t<\/div>\n\t\t\t\t\t\t<\/div>\n\t\t\t\t<\/div>\n\t\t\t\t<div class=\"elementor-element elementor-element-593f9f3 elementor-widget elementor-widget-text-editor\" data-id=\"593f9f3\" data-element_type=\"widget\" data-widget_type=\"text-editor.default\">\n\t\t\t\t<div class=\"elementor-widget-container\">\n\t\t\t\t\t\t\t\t\t<ul>\n<li>Traction with non-slip belts.<\/li>\n<li>The pressure on the cable is exerted by pneumatic cylinders<br \/>\nwith regulator.<\/li>\n<li>Belt tension by pneumatic cylinder.<\/li>\n<li>Integrated meter counter.<\/li>\n<li>Guide rollers at the entrance and exit.<\/li>\n<\/ul>\n\t\t\t\t\t\t\t\t<\/div>\n\t\t\t\t<\/div>\n\t\t\t\t<div class=\"elementor-element elementor-element-8faff75 elementor-widget elementor-widget-heading\" data-id=\"8faff75\" data-element_type=\"widget\" data-widget_type=\"heading.default\">\n\t\t\t\t<div class=\"elementor-widget-container\">\n\t\t\t\t\t<h2 class=\"elementor-heading-title elementor-size-default\">Electrical equipment features<\/h2>\t\t\t\t<\/div>\n\t\t\t\t<\/div>\n\t\t\t\t<div class=\"elementor-element elementor-element-f047284 elementor-widget elementor-widget-spacer\" data-id=\"f047284\" data-element_type=\"widget\" data-widget_type=\"spacer.default\">\n\t\t\t\t<div class=\"elementor-widget-container\">\n\t\t\t\t\t\t\t<div class=\"elementor-spacer\">\n\t\t\t<div class=\"elementor-spacer-inner\"><\/div>\n\t\t<\/div>\n\t\t\t\t\t\t<\/div>\n\t\t\t\t<\/div>\n\t\t\t\t<div class=\"elementor-element elementor-element-327f2e9 elementor-widget elementor-widget-text-editor\" data-id=\"327f2e9\" data-element_type=\"widget\" data-widget_type=\"text-editor.default\">\n\t\t\t\t<div class=\"elementor-widget-container\">\n\t\t\t\t\t\t\t\t\t<ul>\n<li>Variable frequency drive with vector control for the AC motor.<\/li>\n<li>Possibility of synchronizing with any line or control diameter<\/li>\n<\/ul>\n\t\t\t\t\t\t\t\t<\/div>\n\t\t\t\t<\/div>\n\t\t\t\t\t<\/div>\n\t\t<\/div>\n\t\t\t\t\t<\/div>\n\t\t<\/section>\n\t\t\t\t<\/div>\n\t\t","protected":false},"excerpt":{"rendered":"<p>Horizontal accumulators Vertical accumulators Dancers Capstans Caterpillars Pulling Caterpillars Caterpillars designed to pull cables without damaging or crushing the surface of the cable. Mechanical characteristics Traction with non-slip belts. The pressure on the cable is exerted by pneumatic cylinders with regulator. Belt tension by pneumatic cylinder. Integrated meter counter. Guide rollers at the entrance and [&hellip;]<\/p>\n","protected":false},"author":9,"featured_media":0,"parent":0,"menu_order":0,"comment_status":"closed","ping_status":"closed","template":"elementor_header_footer","meta":{"footnotes":""},"class_list":["post-1609","page","type-page","status-publish","hentry"],"yoast_head":"<!-- This site is optimized with the Yoast SEO plugin v26.5 - https:\/\/yoast.com\/wordpress\/plugins\/seo\/ -->\n<title>Pulling Caterpillars - Tecnocable<\/title>\n<meta name=\"robots\" content=\"index, follow, max-snippet:-1, max-image-preview:large, max-video-preview:-1\" \/>\n<link rel=\"canonical\" href=\"https:\/\/tecnocablemachinery.com\/en\/pulling-caterpillars\/\" \/>\n<meta property=\"og:locale\" content=\"en_US\" \/>\n<meta property=\"og:type\" content=\"article\" \/>\n<meta property=\"og:title\" content=\"Pulling Caterpillars - Tecnocable\" \/>\n<meta property=\"og:description\" content=\"Horizontal accumulators Vertical accumulators Dancers Capstans Caterpillars Pulling Caterpillars Caterpillars designed to pull cables without damaging or crushing the surface of the cable. Mechanical characteristics Traction with non-slip belts. The pressure on the cable is exerted by pneumatic cylinders with regulator. Belt tension by pneumatic cylinder. Integrated meter counter. Guide rollers at the entrance and [&hellip;]\" \/>\n<meta property=\"og:url\" content=\"https:\/\/tecnocablemachinery.com\/en\/pulling-caterpillars\/\" \/>\n<meta property=\"og:site_name\" content=\"Tecnocable\" \/>\n<meta property=\"article:publisher\" content=\"https:\/\/www.facebook.com\/tecnocablemachinery\" \/>\n<meta property=\"article:modified_time\" content=\"2025-09-23T05:18:30+00:00\" \/>\n<meta property=\"og:image\" content=\"https:\/\/tecnocablemachinery.com\/wp-content\/uploads\/2023\/12\/oruga-de-tiro.jpg\" \/>\n\t<meta property=\"og:image:width\" content=\"958\" \/>\n\t<meta property=\"og:image:height\" content=\"526\" \/>\n\t<meta property=\"og:image:type\" content=\"image\/jpeg\" \/>\n<meta name=\"twitter:card\" content=\"summary_large_image\" \/>\n<script type=\"application\/ld+json\" class=\"yoast-schema-graph\">{\"@context\":\"https:\/\/schema.org\",\"@graph\":[{\"@type\":\"WebPage\",\"@id\":\"https:\/\/tecnocablemachinery.com\/en\/pulling-caterpillars\/\",\"url\":\"https:\/\/tecnocablemachinery.com\/en\/pulling-caterpillars\/\",\"name\":\"Pulling Caterpillars - Tecnocable\",\"isPartOf\":{\"@id\":\"https:\/\/tecnocablemachinery.com\/en\/#website\"},\"primaryImageOfPage\":{\"@id\":\"https:\/\/tecnocablemachinery.com\/en\/pulling-caterpillars\/#primaryimage\"},\"image\":{\"@id\":\"https:\/\/tecnocablemachinery.com\/en\/pulling-caterpillars\/#primaryimage\"},\"thumbnailUrl\":\"https:\/\/tecnocablemachinery.com\/wp-content\/uploads\/2023\/12\/oruga-de-tiro.jpg\",\"datePublished\":\"2022-01-30T17:54:27+00:00\",\"dateModified\":\"2025-09-23T05:18:30+00:00\",\"breadcrumb\":{\"@id\":\"https:\/\/tecnocablemachinery.com\/en\/pulling-caterpillars\/#breadcrumb\"},\"inLanguage\":\"en-US\",\"potentialAction\":[{\"@type\":\"ReadAction\",\"target\":[\"https:\/\/tecnocablemachinery.com\/en\/pulling-caterpillars\/\"]}]},{\"@type\":\"ImageObject\",\"inLanguage\":\"en-US\",\"@id\":\"https:\/\/tecnocablemachinery.com\/en\/pulling-caterpillars\/#primaryimage\",\"url\":\"https:\/\/tecnocablemachinery.com\/wp-content\/uploads\/2023\/12\/oruga-de-tiro.jpg\",\"contentUrl\":\"https:\/\/tecnocablemachinery.com\/wp-content\/uploads\/2023\/12\/oruga-de-tiro.jpg\"},{\"@type\":\"BreadcrumbList\",\"@id\":\"https:\/\/tecnocablemachinery.com\/en\/pulling-caterpillars\/#breadcrumb\",\"itemListElement\":[{\"@type\":\"ListItem\",\"position\":1,\"name\":\"Home\",\"item\":\"https:\/\/tecnocablemachinery.com\/en\/new-home-tecnocable\/\"},{\"@type\":\"ListItem\",\"position\":2,\"name\":\"Pulling Caterpillars\"}]},{\"@type\":\"WebSite\",\"@id\":\"https:\/\/tecnocablemachinery.com\/en\/#website\",\"url\":\"https:\/\/tecnocablemachinery.com\/en\/\",\"name\":\"Tecnocable Machinery\",\"description\":\"dise\u00f1o, fabricaci\u00f3n de maquinaria para producci\u00f3n de cable\",\"publisher\":{\"@id\":\"https:\/\/tecnocablemachinery.com\/en\/#organization\"},\"potentialAction\":[{\"@type\":\"SearchAction\",\"target\":{\"@type\":\"EntryPoint\",\"urlTemplate\":\"https:\/\/tecnocablemachinery.com\/en\/?s={search_term_string}\"},\"query-input\":{\"@type\":\"PropertyValueSpecification\",\"valueRequired\":true,\"valueName\":\"search_term_string\"}}],\"inLanguage\":\"en-US\"},{\"@type\":\"Organization\",\"@id\":\"https:\/\/tecnocablemachinery.com\/en\/#organization\",\"name\":\"Tecnocable Machinery\",\"url\":\"https:\/\/tecnocablemachinery.com\/en\/\",\"logo\":{\"@type\":\"ImageObject\",\"inLanguage\":\"en-US\",\"@id\":\"https:\/\/tecnocablemachinery.com\/en\/#\/schema\/logo\/image\/\",\"url\":\"https:\/\/tecnocablemachinery.com\/wp-content\/uploads\/2020\/04\/TC-LOGO-COLOR-.png\",\"contentUrl\":\"https:\/\/tecnocablemachinery.com\/wp-content\/uploads\/2020\/04\/TC-LOGO-COLOR-.png\",\"width\":646,\"height\":126,\"caption\":\"Tecnocable Machinery\"},\"image\":{\"@id\":\"https:\/\/tecnocablemachinery.com\/en\/#\/schema\/logo\/image\/\"},\"sameAs\":[\"https:\/\/www.facebook.com\/tecnocablemachinery\"]}]}<\/script>\n<!-- \/ Yoast SEO plugin. -->","yoast_head_json":{"title":"Pulling Caterpillars - Tecnocable","robots":{"index":"index","follow":"follow","max-snippet":"max-snippet:-1","max-image-preview":"max-image-preview:large","max-video-preview":"max-video-preview:-1"},"canonical":"https:\/\/tecnocablemachinery.com\/en\/pulling-caterpillars\/","og_locale":"en_US","og_type":"article","og_title":"Pulling Caterpillars - Tecnocable","og_description":"Horizontal accumulators Vertical accumulators Dancers Capstans Caterpillars Pulling Caterpillars Caterpillars designed to pull cables without damaging or crushing the surface of the cable. Mechanical characteristics Traction with non-slip belts. The pressure on the cable is exerted by pneumatic cylinders with regulator. Belt tension by pneumatic cylinder. Integrated meter counter. Guide rollers at the entrance and [&hellip;]","og_url":"https:\/\/tecnocablemachinery.com\/en\/pulling-caterpillars\/","og_site_name":"Tecnocable","article_publisher":"https:\/\/www.facebook.com\/tecnocablemachinery","article_modified_time":"2025-09-23T05:18:30+00:00","og_image":[{"width":958,"height":526,"url":"https:\/\/tecnocablemachinery.com\/wp-content\/uploads\/2023\/12\/oruga-de-tiro.jpg","type":"image\/jpeg"}],"twitter_card":"summary_large_image","schema":{"@context":"https:\/\/schema.org","@graph":[{"@type":"WebPage","@id":"https:\/\/tecnocablemachinery.com\/en\/pulling-caterpillars\/","url":"https:\/\/tecnocablemachinery.com\/en\/pulling-caterpillars\/","name":"Pulling Caterpillars - Tecnocable","isPartOf":{"@id":"https:\/\/tecnocablemachinery.com\/en\/#website"},"primaryImageOfPage":{"@id":"https:\/\/tecnocablemachinery.com\/en\/pulling-caterpillars\/#primaryimage"},"image":{"@id":"https:\/\/tecnocablemachinery.com\/en\/pulling-caterpillars\/#primaryimage"},"thumbnailUrl":"https:\/\/tecnocablemachinery.com\/wp-content\/uploads\/2023\/12\/oruga-de-tiro.jpg","datePublished":"2022-01-30T17:54:27+00:00","dateModified":"2025-09-23T05:18:30+00:00","breadcrumb":{"@id":"https:\/\/tecnocablemachinery.com\/en\/pulling-caterpillars\/#breadcrumb"},"inLanguage":"en-US","potentialAction":[{"@type":"ReadAction","target":["https:\/\/tecnocablemachinery.com\/en\/pulling-caterpillars\/"]}]},{"@type":"ImageObject","inLanguage":"en-US","@id":"https:\/\/tecnocablemachinery.com\/en\/pulling-caterpillars\/#primaryimage","url":"https:\/\/tecnocablemachinery.com\/wp-content\/uploads\/2023\/12\/oruga-de-tiro.jpg","contentUrl":"https:\/\/tecnocablemachinery.com\/wp-content\/uploads\/2023\/12\/oruga-de-tiro.jpg"},{"@type":"BreadcrumbList","@id":"https:\/\/tecnocablemachinery.com\/en\/pulling-caterpillars\/#breadcrumb","itemListElement":[{"@type":"ListItem","position":1,"name":"Home","item":"https:\/\/tecnocablemachinery.com\/en\/new-home-tecnocable\/"},{"@type":"ListItem","position":2,"name":"Pulling Caterpillars"}]},{"@type":"WebSite","@id":"https:\/\/tecnocablemachinery.com\/en\/#website","url":"https:\/\/tecnocablemachinery.com\/en\/","name":"Tecnocable Machinery","description":"dise\u00f1o, fabricaci\u00f3n de maquinaria para producci\u00f3n de cable","publisher":{"@id":"https:\/\/tecnocablemachinery.com\/en\/#organization"},"potentialAction":[{"@type":"SearchAction","target":{"@type":"EntryPoint","urlTemplate":"https:\/\/tecnocablemachinery.com\/en\/?s={search_term_string}"},"query-input":{"@type":"PropertyValueSpecification","valueRequired":true,"valueName":"search_term_string"}}],"inLanguage":"en-US"},{"@type":"Organization","@id":"https:\/\/tecnocablemachinery.com\/en\/#organization","name":"Tecnocable Machinery","url":"https:\/\/tecnocablemachinery.com\/en\/","logo":{"@type":"ImageObject","inLanguage":"en-US","@id":"https:\/\/tecnocablemachinery.com\/en\/#\/schema\/logo\/image\/","url":"https:\/\/tecnocablemachinery.com\/wp-content\/uploads\/2020\/04\/TC-LOGO-COLOR-.png","contentUrl":"https:\/\/tecnocablemachinery.com\/wp-content\/uploads\/2020\/04\/TC-LOGO-COLOR-.png","width":646,"height":126,"caption":"Tecnocable Machinery"},"image":{"@id":"https:\/\/tecnocablemachinery.com\/en\/#\/schema\/logo\/image\/"},"sameAs":["https:\/\/www.facebook.com\/tecnocablemachinery"]}]}},"_links":{"self":[{"href":"https:\/\/tecnocablemachinery.com\/en\/wp-json\/wp\/v2\/pages\/1609","targetHints":{"allow":["GET"]}}],"collection":[{"href":"https:\/\/tecnocablemachinery.com\/en\/wp-json\/wp\/v2\/pages"}],"about":[{"href":"https:\/\/tecnocablemachinery.com\/en\/wp-json\/wp\/v2\/types\/page"}],"author":[{"embeddable":true,"href":"https:\/\/tecnocablemachinery.com\/en\/wp-json\/wp\/v2\/users\/9"}],"replies":[{"embeddable":true,"href":"https:\/\/tecnocablemachinery.com\/en\/wp-json\/wp\/v2\/comments?post=1609"}],"version-history":[{"count":12,"href":"https:\/\/tecnocablemachinery.com\/en\/wp-json\/wp\/v2\/pages\/1609\/revisions"}],"predecessor-version":[{"id":5330,"href":"https:\/\/tecnocablemachinery.com\/en\/wp-json\/wp\/v2\/pages\/1609\/revisions\/5330"}],"wp:attachment":[{"href":"https:\/\/tecnocablemachinery.com\/en\/wp-json\/wp\/v2\/media?parent=1609"}],"curies":[{"name":"wp","href":"https:\/\/api.w.org\/{rel}","templated":true}]}}