{"id":1623,"date":"2022-01-30T20:56:55","date_gmt":"2022-01-30T20:56:55","guid":{"rendered":"https:\/\/tecnocablemachinery.com\/dancers\/"},"modified":"2025-09-23T05:19:06","modified_gmt":"2025-09-23T05:19:06","slug":"dancers","status":"publish","type":"page","link":"https:\/\/tecnocablemachinery.com\/en\/dancers\/","title":{"rendered":"Dancers"},"content":{"rendered":"\t\t<div data-elementor-type=\"wp-page\" data-elementor-id=\"1623\" class=\"elementor elementor-1623 elementor-703\" data-elementor-post-type=\"page\">\n\t\t\t\t\t\t<section class=\"elementor-section elementor-top-section elementor-element elementor-element-7c8a92f elementor-section-boxed elementor-section-height-default elementor-section-height-default\" data-id=\"7c8a92f\" data-element_type=\"section\" data-settings=\"{&quot;background_background&quot;:&quot;classic&quot;}\">\n\t\t\t\t\t\t<div class=\"elementor-container elementor-column-gap-default\">\n\t\t\t\t\t<div class=\"elementor-column elementor-col-50 elementor-top-column elementor-element elementor-element-d89df09\" data-id=\"d89df09\" data-element_type=\"column\">\n\t\t\t<div class=\"elementor-widget-wrap elementor-element-populated\">\n\t\t\t\t\t\t<div class=\"elementor-element elementor-element-587a41f elementor-align-justify elementor-widget elementor-widget-button\" data-id=\"587a41f\" data-element_type=\"widget\" data-widget_type=\"button.default\">\n\t\t\t\t<div class=\"elementor-widget-container\">\n\t\t\t\t\t\t\t\t\t<div class=\"elementor-button-wrapper\">\n\t\t\t\t\t<a class=\"elementor-button elementor-button-link elementor-size-sm\" href=\"https:\/\/tecnocablemachinery.com\/en\/?page_id=1494\">\n\t\t\t\t\t\t<span class=\"elementor-button-content-wrapper\">\n\t\t\t\t\t\t<span class=\"elementor-button-icon\">\n\t\t\t\t<i aria-hidden=\"true\" class=\"fas fa-caret-square-right\"><\/i>\t\t\t<\/span>\n\t\t\t\t\t\t\t\t\t<span class=\"elementor-button-text\">Horizontal accumulators<\/span>\n\t\t\t\t\t<\/span>\n\t\t\t\t\t<\/a>\n\t\t\t\t<\/div>\n\t\t\t\t\t\t\t\t<\/div>\n\t\t\t\t<\/div>\n\t\t\t\t<div class=\"elementor-element elementor-element-b386d06 elementor-align-justify elementor-widget elementor-widget-button\" data-id=\"b386d06\" data-element_type=\"widget\" data-widget_type=\"button.default\">\n\t\t\t\t<div class=\"elementor-widget-container\">\n\t\t\t\t\t\t\t\t\t<div class=\"elementor-button-wrapper\">\n\t\t\t\t\t<a class=\"elementor-button elementor-button-link elementor-size-sm\" href=\"https:\/\/tecnocablemachinery.com\/en\/?page_id=1621\">\n\t\t\t\t\t\t<span class=\"elementor-button-content-wrapper\">\n\t\t\t\t\t\t<span class=\"elementor-button-icon\">\n\t\t\t\t<i aria-hidden=\"true\" class=\"fas fa-caret-square-right\"><\/i>\t\t\t<\/span>\n\t\t\t\t\t\t\t\t\t<span class=\"elementor-button-text\">Vertical accumulators<\/span>\n\t\t\t\t\t<\/span>\n\t\t\t\t\t<\/a>\n\t\t\t\t<\/div>\n\t\t\t\t\t\t\t\t<\/div>\n\t\t\t\t<\/div>\n\t\t\t\t<div class=\"elementor-element elementor-element-3acebda elementor-align-justify elementor-widget elementor-widget-button\" data-id=\"3acebda\" data-element_type=\"widget\" data-widget_type=\"button.default\">\n\t\t\t\t<div class=\"elementor-widget-container\">\n\t\t\t\t\t\t\t\t\t<div class=\"elementor-button-wrapper\">\n\t\t\t\t\t<a class=\"elementor-button elementor-button-link elementor-size-sm\" href=\"https:\/\/tecnocablemachinery.com\/en\/dancers\/\">\n\t\t\t\t\t\t<span class=\"elementor-button-content-wrapper\">\n\t\t\t\t\t\t<span class=\"elementor-button-icon\">\n\t\t\t\t<i aria-hidden=\"true\" class=\"fas fa-caret-square-right\"><\/i>\t\t\t<\/span>\n\t\t\t\t\t\t\t\t\t<span class=\"elementor-button-text\">Dancers<\/span>\n\t\t\t\t\t<\/span>\n\t\t\t\t\t<\/a>\n\t\t\t\t<\/div>\n\t\t\t\t\t\t\t\t<\/div>\n\t\t\t\t<\/div>\n\t\t\t\t<div class=\"elementor-element elementor-element-60e89dd elementor-align-justify elementor-widget elementor-widget-button\" data-id=\"60e89dd\" data-element_type=\"widget\" data-widget_type=\"button.default\">\n\t\t\t\t<div class=\"elementor-widget-container\">\n\t\t\t\t\t\t\t\t\t<div class=\"elementor-button-wrapper\">\n\t\t\t\t\t<a class=\"elementor-button elementor-button-link elementor-size-sm\" href=\"https:\/\/tecnocablemachinery.com\/en\/pulling-capstans\/\">\n\t\t\t\t\t\t<span class=\"elementor-button-content-wrapper\">\n\t\t\t\t\t\t<span class=\"elementor-button-icon\">\n\t\t\t\t<i aria-hidden=\"true\" class=\"fas fa-caret-square-right\"><\/i>\t\t\t<\/span>\n\t\t\t\t\t\t\t\t\t<span class=\"elementor-button-text\">Capstans<\/span>\n\t\t\t\t\t<\/span>\n\t\t\t\t\t<\/a>\n\t\t\t\t<\/div>\n\t\t\t\t\t\t\t\t<\/div>\n\t\t\t\t<\/div>\n\t\t\t\t<div class=\"elementor-element elementor-element-d0e12d1 elementor-align-justify elementor-widget elementor-widget-button\" data-id=\"d0e12d1\" data-element_type=\"widget\" data-widget_type=\"button.default\">\n\t\t\t\t<div class=\"elementor-widget-container\">\n\t\t\t\t\t\t\t\t\t<div class=\"elementor-button-wrapper\">\n\t\t\t\t\t<a class=\"elementor-button elementor-button-link elementor-size-sm\" href=\"https:\/\/tecnocablemachinery.com\/en\/pulling-caterpillars\/\">\n\t\t\t\t\t\t<span class=\"elementor-button-content-wrapper\">\n\t\t\t\t\t\t<span class=\"elementor-button-icon\">\n\t\t\t\t<i aria-hidden=\"true\" class=\"fas fa-caret-square-right\"><\/i>\t\t\t<\/span>\n\t\t\t\t\t\t\t\t\t<span class=\"elementor-button-text\">Caterpillars<\/span>\n\t\t\t\t\t<\/span>\n\t\t\t\t\t<\/a>\n\t\t\t\t<\/div>\n\t\t\t\t\t\t\t\t<\/div>\n\t\t\t\t<\/div>\n\t\t\t\t<div class=\"elementor-element elementor-element-b358640 elementor-widget elementor-widget-spacer\" data-id=\"b358640\" data-element_type=\"widget\" data-widget_type=\"spacer.default\">\n\t\t\t\t<div class=\"elementor-widget-container\">\n\t\t\t\t\t\t\t<div class=\"elementor-spacer\">\n\t\t\t<div class=\"elementor-spacer-inner\"><\/div>\n\t\t<\/div>\n\t\t\t\t\t\t<\/div>\n\t\t\t\t<\/div>\n\t\t\t\t\t<\/div>\n\t\t<\/div>\n\t\t\t\t<div class=\"elementor-column elementor-col-50 elementor-top-column elementor-element elementor-element-d2a6582\" data-id=\"d2a6582\" data-element_type=\"column\">\n\t\t\t<div class=\"elementor-widget-wrap elementor-element-populated\">\n\t\t\t\t\t\t<div class=\"elementor-element elementor-element-98403e7 elementor-widget elementor-widget-heading\" data-id=\"98403e7\" data-element_type=\"widget\" data-widget_type=\"heading.default\">\n\t\t\t\t<div class=\"elementor-widget-container\">\n\t\t\t\t\t<h2 class=\"elementor-heading-title elementor-size-default\">Dancers<\/h2>\t\t\t\t<\/div>\n\t\t\t\t<\/div>\n\t\t\t\t<div class=\"elementor-element elementor-element-1b7c6ea elementor-widget elementor-widget-spacer\" data-id=\"1b7c6ea\" data-element_type=\"widget\" data-widget_type=\"spacer.default\">\n\t\t\t\t<div class=\"elementor-widget-container\">\n\t\t\t\t\t\t\t<div class=\"elementor-spacer\">\n\t\t\t<div class=\"elementor-spacer-inner\"><\/div>\n\t\t<\/div>\n\t\t\t\t\t\t<\/div>\n\t\t\t\t<\/div>\n\t\t\t\t<div class=\"elementor-element elementor-element-508435a elementor-widget elementor-widget-heading\" data-id=\"508435a\" data-element_type=\"widget\" data-widget_type=\"heading.default\">\n\t\t\t\t<div class=\"elementor-widget-container\">\n\t\t\t\t\t<h4 class=\"elementor-heading-title elementor-size-default\">Dancers to regulate the tension of the cable\/wire and to regulate the speed of the take-ups<\/h4>\t\t\t\t<\/div>\n\t\t\t\t<\/div>\n\t\t\t\t<div class=\"elementor-element elementor-element-4d574a0 elementor-widget elementor-widget-spacer\" data-id=\"4d574a0\" data-element_type=\"widget\" data-widget_type=\"spacer.default\">\n\t\t\t\t<div class=\"elementor-widget-container\">\n\t\t\t\t\t\t\t<div class=\"elementor-spacer\">\n\t\t\t<div class=\"elementor-spacer-inner\"><\/div>\n\t\t<\/div>\n\t\t\t\t\t\t<\/div>\n\t\t\t\t<\/div>\n\t\t\t\t<div class=\"elementor-element elementor-element-0c2cdc2 elementor-widget elementor-widget-image\" data-id=\"0c2cdc2\" data-element_type=\"widget\" data-widget_type=\"image.default\">\n\t\t\t\t<div class=\"elementor-widget-container\">\n\t\t\t\t\t\t\t\t\t\t\t\t\t\t\t<img fetchpriority=\"high\" decoding=\"async\" width=\"1401\" height=\"1092\" src=\"https:\/\/tecnocablemachinery.com\/wp-content\/uploads\/2020\/05\/Bailarines-Top.png\" class=\"attachment-full size-full wp-image-1415\" alt=\"\" srcset=\"https:\/\/tecnocablemachinery.com\/wp-content\/uploads\/2020\/05\/Bailarines-Top.png 1401w, https:\/\/tecnocablemachinery.com\/wp-content\/uploads\/2020\/05\/Bailarines-Top-300x234.png 300w, https:\/\/tecnocablemachinery.com\/wp-content\/uploads\/2020\/05\/Bailarines-Top-1024x798.png 1024w, https:\/\/tecnocablemachinery.com\/wp-content\/uploads\/2020\/05\/Bailarines-Top-768x599.png 768w, https:\/\/tecnocablemachinery.com\/wp-content\/uploads\/2020\/05\/Bailarines-Top-600x468.png 600w\" sizes=\"(max-width: 1401px) 100vw, 1401px\" \/>\t\t\t\t\t\t\t\t\t\t\t\t\t\t\t<\/div>\n\t\t\t\t<\/div>\n\t\t\t\t<div class=\"elementor-element elementor-element-0c49509 elementor-widget elementor-widget-spacer\" data-id=\"0c49509\" data-element_type=\"widget\" data-widget_type=\"spacer.default\">\n\t\t\t\t<div class=\"elementor-widget-container\">\n\t\t\t\t\t\t\t<div class=\"elementor-spacer\">\n\t\t\t<div class=\"elementor-spacer-inner\"><\/div>\n\t\t<\/div>\n\t\t\t\t\t\t<\/div>\n\t\t\t\t<\/div>\n\t\t\t\t<div class=\"elementor-element elementor-element-f8a00ff elementor-widget elementor-widget-heading\" data-id=\"f8a00ff\" data-element_type=\"widget\" data-widget_type=\"heading.default\">\n\t\t\t\t<div class=\"elementor-widget-container\">\n\t\t\t\t\t<h2 class=\"elementor-heading-title elementor-size-default\">Mechanical characteristics<\/h2>\t\t\t\t<\/div>\n\t\t\t\t<\/div>\n\t\t\t\t<div class=\"elementor-element elementor-element-083809f elementor-widget elementor-widget-spacer\" data-id=\"083809f\" data-element_type=\"widget\" data-widget_type=\"spacer.default\">\n\t\t\t\t<div class=\"elementor-widget-container\">\n\t\t\t\t\t\t\t<div class=\"elementor-spacer\">\n\t\t\t<div class=\"elementor-spacer-inner\"><\/div>\n\t\t<\/div>\n\t\t\t\t\t\t<\/div>\n\t\t\t\t<\/div>\n\t\t\t\t<div class=\"elementor-element elementor-element-5f98415 elementor-widget elementor-widget-text-editor\" data-id=\"5f98415\" data-element_type=\"widget\" data-widget_type=\"text-editor.default\">\n\t\t\t\t<div class=\"elementor-widget-container\">\n\t\t\t\t\t\t\t\t\t<ul>\n<li>Quick response.<\/li>\n<li>Pressure exerted by the weight of a mobile pulley carriage, compensated by a pneumatic cylinder, allowing a low working tension.<\/li>\n<li>Regulation through a potentiometer.<\/li>\n<li>Fully protected work area.<\/li>\n<\/ul>\n\t\t\t\t\t\t\t\t<\/div>\n\t\t\t\t<\/div>\n\t\t\t\t\t<\/div>\n\t\t<\/div>\n\t\t\t\t\t<\/div>\n\t\t<\/section>\n\t\t\t\t<\/div>\n\t\t","protected":false},"excerpt":{"rendered":"<p>Horizontal accumulators Vertical accumulators Dancers Capstans Caterpillars Dancers Dancers to regulate the tension of the cable\/wire and to regulate the speed of the take-ups Mechanical characteristics Quick response. Pressure exerted by the weight of a mobile pulley carriage, compensated by a pneumatic cylinder, allowing a low working tension. Regulation through a potentiometer. Fully protected work [&hellip;]<\/p>\n","protected":false},"author":9,"featured_media":0,"parent":0,"menu_order":0,"comment_status":"closed","ping_status":"closed","template":"elementor_header_footer","meta":{"footnotes":""},"class_list":["post-1623","page","type-page","status-publish","hentry"],"yoast_head":"<!-- This site is optimized with the Yoast SEO plugin v26.5 - https:\/\/yoast.com\/wordpress\/plugins\/seo\/ -->\n<title>Dancers - Tecnocable<\/title>\n<meta name=\"robots\" content=\"index, follow, max-snippet:-1, max-image-preview:large, max-video-preview:-1\" \/>\n<link rel=\"canonical\" href=\"https:\/\/tecnocablemachinery.com\/en\/dancers\/\" \/>\n<meta property=\"og:locale\" content=\"en_US\" \/>\n<meta property=\"og:type\" content=\"article\" \/>\n<meta property=\"og:title\" content=\"Dancers - Tecnocable\" \/>\n<meta property=\"og:description\" content=\"Horizontal accumulators Vertical accumulators Dancers Capstans Caterpillars Dancers Dancers to regulate the tension of the cable\/wire and to regulate the speed of the take-ups Mechanical characteristics Quick response. Pressure exerted by the weight of a mobile pulley carriage, compensated by a pneumatic cylinder, allowing a low working tension. Regulation through a potentiometer. Fully protected work [&hellip;]\" \/>\n<meta property=\"og:url\" content=\"https:\/\/tecnocablemachinery.com\/en\/dancers\/\" \/>\n<meta property=\"og:site_name\" content=\"Tecnocable\" \/>\n<meta property=\"article:publisher\" content=\"https:\/\/www.facebook.com\/tecnocablemachinery\" \/>\n<meta property=\"article:modified_time\" content=\"2025-09-23T05:19:06+00:00\" \/>\n<meta property=\"og:image\" content=\"https:\/\/tecnocablemachinery.com\/wp-content\/uploads\/2020\/05\/Bailarines-Top.png\" \/>\n\t<meta property=\"og:image:width\" content=\"1401\" \/>\n\t<meta property=\"og:image:height\" content=\"1092\" \/>\n\t<meta property=\"og:image:type\" content=\"image\/png\" \/>\n<meta name=\"twitter:card\" content=\"summary_large_image\" \/>\n<script type=\"application\/ld+json\" class=\"yoast-schema-graph\">{\"@context\":\"https:\/\/schema.org\",\"@graph\":[{\"@type\":\"WebPage\",\"@id\":\"https:\/\/tecnocablemachinery.com\/en\/dancers\/\",\"url\":\"https:\/\/tecnocablemachinery.com\/en\/dancers\/\",\"name\":\"Dancers - Tecnocable\",\"isPartOf\":{\"@id\":\"https:\/\/tecnocablemachinery.com\/en\/#website\"},\"primaryImageOfPage\":{\"@id\":\"https:\/\/tecnocablemachinery.com\/en\/dancers\/#primaryimage\"},\"image\":{\"@id\":\"https:\/\/tecnocablemachinery.com\/en\/dancers\/#primaryimage\"},\"thumbnailUrl\":\"https:\/\/tecnocablemachinery.com\/wp-content\/uploads\/2020\/05\/Bailarines-Top.png\",\"datePublished\":\"2022-01-30T20:56:55+00:00\",\"dateModified\":\"2025-09-23T05:19:06+00:00\",\"breadcrumb\":{\"@id\":\"https:\/\/tecnocablemachinery.com\/en\/dancers\/#breadcrumb\"},\"inLanguage\":\"en-US\",\"potentialAction\":[{\"@type\":\"ReadAction\",\"target\":[\"https:\/\/tecnocablemachinery.com\/en\/dancers\/\"]}]},{\"@type\":\"ImageObject\",\"inLanguage\":\"en-US\",\"@id\":\"https:\/\/tecnocablemachinery.com\/en\/dancers\/#primaryimage\",\"url\":\"https:\/\/tecnocablemachinery.com\/wp-content\/uploads\/2020\/05\/Bailarines-Top.png\",\"contentUrl\":\"https:\/\/tecnocablemachinery.com\/wp-content\/uploads\/2020\/05\/Bailarines-Top.png\"},{\"@type\":\"BreadcrumbList\",\"@id\":\"https:\/\/tecnocablemachinery.com\/en\/dancers\/#breadcrumb\",\"itemListElement\":[{\"@type\":\"ListItem\",\"position\":1,\"name\":\"Home\",\"item\":\"https:\/\/tecnocablemachinery.com\/en\/new-home-tecnocable\/\"},{\"@type\":\"ListItem\",\"position\":2,\"name\":\"Dancers\"}]},{\"@type\":\"WebSite\",\"@id\":\"https:\/\/tecnocablemachinery.com\/en\/#website\",\"url\":\"https:\/\/tecnocablemachinery.com\/en\/\",\"name\":\"Tecnocable Machinery\",\"description\":\"dise\u00f1o, fabricaci\u00f3n de maquinaria para producci\u00f3n de cable\",\"publisher\":{\"@id\":\"https:\/\/tecnocablemachinery.com\/en\/#organization\"},\"potentialAction\":[{\"@type\":\"SearchAction\",\"target\":{\"@type\":\"EntryPoint\",\"urlTemplate\":\"https:\/\/tecnocablemachinery.com\/en\/?s={search_term_string}\"},\"query-input\":{\"@type\":\"PropertyValueSpecification\",\"valueRequired\":true,\"valueName\":\"search_term_string\"}}],\"inLanguage\":\"en-US\"},{\"@type\":\"Organization\",\"@id\":\"https:\/\/tecnocablemachinery.com\/en\/#organization\",\"name\":\"Tecnocable Machinery\",\"url\":\"https:\/\/tecnocablemachinery.com\/en\/\",\"logo\":{\"@type\":\"ImageObject\",\"inLanguage\":\"en-US\",\"@id\":\"https:\/\/tecnocablemachinery.com\/en\/#\/schema\/logo\/image\/\",\"url\":\"https:\/\/tecnocablemachinery.com\/wp-content\/uploads\/2020\/04\/TC-LOGO-COLOR-.png\",\"contentUrl\":\"https:\/\/tecnocablemachinery.com\/wp-content\/uploads\/2020\/04\/TC-LOGO-COLOR-.png\",\"width\":646,\"height\":126,\"caption\":\"Tecnocable Machinery\"},\"image\":{\"@id\":\"https:\/\/tecnocablemachinery.com\/en\/#\/schema\/logo\/image\/\"},\"sameAs\":[\"https:\/\/www.facebook.com\/tecnocablemachinery\"]}]}<\/script>\n<!-- \/ Yoast SEO plugin. -->","yoast_head_json":{"title":"Dancers - Tecnocable","robots":{"index":"index","follow":"follow","max-snippet":"max-snippet:-1","max-image-preview":"max-image-preview:large","max-video-preview":"max-video-preview:-1"},"canonical":"https:\/\/tecnocablemachinery.com\/en\/dancers\/","og_locale":"en_US","og_type":"article","og_title":"Dancers - Tecnocable","og_description":"Horizontal accumulators Vertical accumulators Dancers Capstans Caterpillars Dancers Dancers to regulate the tension of the cable\/wire and to regulate the speed of the take-ups Mechanical characteristics Quick response. Pressure exerted by the weight of a mobile pulley carriage, compensated by a pneumatic cylinder, allowing a low working tension. Regulation through a potentiometer. Fully protected work [&hellip;]","og_url":"https:\/\/tecnocablemachinery.com\/en\/dancers\/","og_site_name":"Tecnocable","article_publisher":"https:\/\/www.facebook.com\/tecnocablemachinery","article_modified_time":"2025-09-23T05:19:06+00:00","og_image":[{"width":1401,"height":1092,"url":"https:\/\/tecnocablemachinery.com\/wp-content\/uploads\/2020\/05\/Bailarines-Top.png","type":"image\/png"}],"twitter_card":"summary_large_image","schema":{"@context":"https:\/\/schema.org","@graph":[{"@type":"WebPage","@id":"https:\/\/tecnocablemachinery.com\/en\/dancers\/","url":"https:\/\/tecnocablemachinery.com\/en\/dancers\/","name":"Dancers - Tecnocable","isPartOf":{"@id":"https:\/\/tecnocablemachinery.com\/en\/#website"},"primaryImageOfPage":{"@id":"https:\/\/tecnocablemachinery.com\/en\/dancers\/#primaryimage"},"image":{"@id":"https:\/\/tecnocablemachinery.com\/en\/dancers\/#primaryimage"},"thumbnailUrl":"https:\/\/tecnocablemachinery.com\/wp-content\/uploads\/2020\/05\/Bailarines-Top.png","datePublished":"2022-01-30T20:56:55+00:00","dateModified":"2025-09-23T05:19:06+00:00","breadcrumb":{"@id":"https:\/\/tecnocablemachinery.com\/en\/dancers\/#breadcrumb"},"inLanguage":"en-US","potentialAction":[{"@type":"ReadAction","target":["https:\/\/tecnocablemachinery.com\/en\/dancers\/"]}]},{"@type":"ImageObject","inLanguage":"en-US","@id":"https:\/\/tecnocablemachinery.com\/en\/dancers\/#primaryimage","url":"https:\/\/tecnocablemachinery.com\/wp-content\/uploads\/2020\/05\/Bailarines-Top.png","contentUrl":"https:\/\/tecnocablemachinery.com\/wp-content\/uploads\/2020\/05\/Bailarines-Top.png"},{"@type":"BreadcrumbList","@id":"https:\/\/tecnocablemachinery.com\/en\/dancers\/#breadcrumb","itemListElement":[{"@type":"ListItem","position":1,"name":"Home","item":"https:\/\/tecnocablemachinery.com\/en\/new-home-tecnocable\/"},{"@type":"ListItem","position":2,"name":"Dancers"}]},{"@type":"WebSite","@id":"https:\/\/tecnocablemachinery.com\/en\/#website","url":"https:\/\/tecnocablemachinery.com\/en\/","name":"Tecnocable Machinery","description":"dise\u00f1o, fabricaci\u00f3n de maquinaria para producci\u00f3n de cable","publisher":{"@id":"https:\/\/tecnocablemachinery.com\/en\/#organization"},"potentialAction":[{"@type":"SearchAction","target":{"@type":"EntryPoint","urlTemplate":"https:\/\/tecnocablemachinery.com\/en\/?s={search_term_string}"},"query-input":{"@type":"PropertyValueSpecification","valueRequired":true,"valueName":"search_term_string"}}],"inLanguage":"en-US"},{"@type":"Organization","@id":"https:\/\/tecnocablemachinery.com\/en\/#organization","name":"Tecnocable Machinery","url":"https:\/\/tecnocablemachinery.com\/en\/","logo":{"@type":"ImageObject","inLanguage":"en-US","@id":"https:\/\/tecnocablemachinery.com\/en\/#\/schema\/logo\/image\/","url":"https:\/\/tecnocablemachinery.com\/wp-content\/uploads\/2020\/04\/TC-LOGO-COLOR-.png","contentUrl":"https:\/\/tecnocablemachinery.com\/wp-content\/uploads\/2020\/04\/TC-LOGO-COLOR-.png","width":646,"height":126,"caption":"Tecnocable Machinery"},"image":{"@id":"https:\/\/tecnocablemachinery.com\/en\/#\/schema\/logo\/image\/"},"sameAs":["https:\/\/www.facebook.com\/tecnocablemachinery"]}]}},"_links":{"self":[{"href":"https:\/\/tecnocablemachinery.com\/en\/wp-json\/wp\/v2\/pages\/1623","targetHints":{"allow":["GET"]}}],"collection":[{"href":"https:\/\/tecnocablemachinery.com\/en\/wp-json\/wp\/v2\/pages"}],"about":[{"href":"https:\/\/tecnocablemachinery.com\/en\/wp-json\/wp\/v2\/types\/page"}],"author":[{"embeddable":true,"href":"https:\/\/tecnocablemachinery.com\/en\/wp-json\/wp\/v2\/users\/9"}],"replies":[{"embeddable":true,"href":"https:\/\/tecnocablemachinery.com\/en\/wp-json\/wp\/v2\/comments?post=1623"}],"version-history":[{"count":7,"href":"https:\/\/tecnocablemachinery.com\/en\/wp-json\/wp\/v2\/pages\/1623\/revisions"}],"predecessor-version":[{"id":5333,"href":"https:\/\/tecnocablemachinery.com\/en\/wp-json\/wp\/v2\/pages\/1623\/revisions\/5333"}],"wp:attachment":[{"href":"https:\/\/tecnocablemachinery.com\/en\/wp-json\/wp\/v2\/media?parent=1623"}],"curies":[{"name":"wp","href":"https:\/\/api.w.org\/{rel}","templated":true}]}}